{"id":103,"date":"2018-07-10T00:11:59","date_gmt":"2018-07-10T00:11:59","guid":{"rendered":"https:\/\/palaeobotany.org\/wordpress\/?page_id=103"},"modified":"2026-01-22T18:28:29","modified_gmt":"2026-01-22T18:28:29","slug":"featured-palaeobotanical-links","status":"publish","type":"page","link":"https:\/\/www.palaeobotany.org\/index.php\/featured-palaeobotanical-links\/","title":{"rendered":"Featured Links"},"content":{"rendered":"<h4>Websites<\/h4>\n<p><a href=\"https:\/\/www.burkemuseum.org\/collections-and-research\/geology-and-paleontology\/paleobotany\">Burke Museum Paleobotany<\/a><\/p>\n<p><a href=\"http:\/\/www.equisetites.de\/palbot1.html\">Links for Palaeobotanists<\/a>. \u00a0Hundreds of useful links maintained by\u00a0Klaus-Peter Kelber\u00a0(Universit\u00e4t W\u00fcrzburg, Germany).<\/p>\n<p><a href=\"https:\/\/palaeobotany.org\/index.php\/featured-palaeobotanical-links\/online-bibliographic-systems\/\">Online bibliographic systems<\/a><\/p>\n<p><a href=\"https:\/\/palaeobotany.org\/index.php\/featured-palaeobotanical-links\/useful-links-for-identification-and-palaeo-physiology\/\">Useful links for identification and palaeo-physiology<\/a><\/p>\n<p><a href=\"https:\/\/palaeobotany.org\/index.php\/featured-palaeobotanical-links\/palaeobotanist-blogs\/\">Palaeobotanist blogs<\/a><\/p>\n<p><a href=\"https:\/\/www.plantfossilnames.org\/\">Plant Fossil Names Registry<\/a><\/p>\n<p><a href=\"http:\/\/www.freelists.org\/list\/palbolat\" target=\"_blank\" rel=\"noopener noreferrer\">Palaeobotanica Latinoamericana<\/a> (Discussion group to promote communication between paleobotanists working in Latin America)<\/p>\n<p><a href=\"http:\/\/www.palaeobotanicalsociety.org\" target=\"_blank\" rel=\"noopener noreferrer\">Palaeobotanical Society of India<\/a><\/p>\n<p><a title=\"ALPP\" href=\"http:\/\/alpaleobotanicapalinologia.blogspot.com.ar\" target=\"_blank\" rel=\"noopener noreferrer\">La Asociaci\u00f3n Latinoamericana de Paleobot\u00e1nica y Palinolog\u00eda<\/a><\/p>\n<p><a href=\"http:\/\/insidewood.lib.ncsu.edu\/welcome\">InsideWood<\/a>. \u00a0Online key, database, and image source for anatomy of modern and fossil woods.<\/p>\n<h4>Books<\/h4>\n<p><a href=\"https:\/\/palaeobotany.org\/index.php\/featured-palaeobotanical-links\/introduction-to-plant-fossils\/\">Introduction to Plant Fossils<\/a><\/p>\n<p><a href=\"https:\/\/palaeobotany.org\/index.php\/featured-palaeobotanical-links\/703-2\/\">Fossil Dicot Wood Names &#8211; an annotated list with full bibliography<\/a><\/p>\n<p><a href=\"https:\/\/palaeobotany.org\/index.php\/featured-palaeobotanical-links\/manual-of-leaf-architecture\/\">Manual of Leaf Architecture<\/a><\/p>\n<p><a href=\"https:\/\/palaeobotany.org\/index.php\/featured-palaeobotanical-links\/molteno-sphenophytes-late-triassic-biodiversity-in-southern-africa\/\">Molteno sphenophytes: Late Triassic biodiversity in southern Africa<\/a><\/p>\n","protected":false},"excerpt":{"rendered":"<p>Websites Burke Museum Paleobotany Links for Palaeobotanists. \u00a0Hundreds of useful links maintained by\u00a0Klaus-Peter Kelber\u00a0(Universit\u00e4t W\u00fcrzburg, Germany). Online bibliographic systems Useful links for identification and palaeo-physiology&hellip;<\/p>\n","protected":false},"author":1,"featured_media":0,"parent":0,"menu_order":0,"comment_status":"closed","ping_status":"closed","template":"","meta":{"give_campaign_id":0,"footnotes":""},"class_list":["post-103","page","type-page","status-publish","hentry"],"campaignId":"","jetpack_sharing_enabled":true,"_links":{"self":[{"href":"https:\/\/www.palaeobotany.org\/index.php\/wp-json\/wp\/v2\/pages\/103","targetHints":{"allow":["GET"]}}],"collection":[{"href":"https:\/\/www.palaeobotany.org\/index.php\/wp-json\/wp\/v2\/pages"}],"about":[{"href":"https:\/\/www.palaeobotany.org\/index.php\/wp-json\/wp\/v2\/types\/page"}],"author":[{"embeddable":true,"href":"https:\/\/www.palaeobotany.org\/index.php\/wp-json\/wp\/v2\/users\/1"}],"replies":[{"embeddable":true,"href":"https:\/\/www.palaeobotany.org\/index.php\/wp-json\/wp\/v2\/comments?post=103"}],"version-history":[{"count":9,"href":"https:\/\/www.palaeobotany.org\/index.php\/wp-json\/wp\/v2\/pages\/103\/revisions"}],"predecessor-version":[{"id":2732,"href":"https:\/\/www.palaeobotany.org\/index.php\/wp-json\/wp\/v2\/pages\/103\/revisions\/2732"}],"wp:attachment":[{"href":"https:\/\/www.palaeobotany.org\/index.php\/wp-json\/wp\/v2\/media?parent=103"}],"curies":[{"name":"wp","href":"https:\/\/api.w.org\/{rel}","templated":true}]}}